{"id":155,"date":"2024-02-07T18:13:28","date_gmt":"2024-02-07T18:13:28","guid":{"rendered":"https:\/\/treningmedyczny.zgora.pl\/?page_id=155"},"modified":"2024-02-07T18:39:56","modified_gmt":"2024-02-07T18:39:56","slug":"kompetencje","status":"publish","type":"page","link":"https:\/\/treningmedyczny.zgora.pl\/index.php\/kompetencje\/","title":{"rendered":"Kompetencje, certyfikaty, szkolenia i warsztaty"},"content":{"rendered":"\n<div class=\"wp-block-columns is-layout-flex wp-container-core-columns-layout-2 wp-block-columns-is-layout-flex\">\n<div class=\"wp-block-column is-layout-flow wp-block-column-is-layout-flow\" style=\"flex-basis:50%\">\n<figure class=\"wp-block-image\"><img loading=\"lazy\" decoding=\"async\" width=\"1024\" height=\"748\" src=\"http:\/\/treningmedyczny.zgora.pl\/wp-content\/uploads\/2023\/12\/IMG_4819-1024x748.jpeg\" alt=\"\" class=\"wp-image-160\" srcset=\"https:\/\/treningmedyczny.zgora.pl\/wp-content\/uploads\/2023\/12\/IMG_4819-1024x748.jpeg 1024w, https:\/\/treningmedyczny.zgora.pl\/wp-content\/uploads\/2023\/12\/IMG_4819-300x219.jpeg 300w, https:\/\/treningmedyczny.zgora.pl\/wp-content\/uploads\/2023\/12\/IMG_4819-768x561.jpeg 768w, https:\/\/treningmedyczny.zgora.pl\/wp-content\/uploads\/2023\/12\/IMG_4819-1536x1121.jpeg 1536w, https:\/\/treningmedyczny.zgora.pl\/wp-content\/uploads\/2023\/12\/IMG_4819.jpeg 1915w\" sizes=\"(max-width: 1024px) 100vw, 1024px\" \/><\/figure>\n<\/div>\n\n\n\n<div class=\"wp-block-column is-layout-flow wp-block-column-is-layout-flow\" style=\"flex-basis:50%\">\n<div class=\"wp-block-group is-layout-constrained wp-block-group-is-layout-constrained\">\n<div class=\"wp-block-columns is-layout-flex wp-container-core-columns-layout-1 wp-block-columns-is-layout-flex\">\n<div class=\"wp-block-column is-layout-flow wp-block-column-is-layout-flow\" style=\"flex-basis:100%\">\n<div class=\"wp-block-group is-layout-constrained wp-block-group-is-layout-constrained\">\n<p class=\"has-text-align-left\">1\/2019 \u2013 08\/2020 Kurs Trenera Medycznego w Centrum Ruchu i Terapii Bodywork Pozna\u0144<\/p>\n\n\n\n<p class=\"has-text-align-left\">Jest to najwa\u017cniejszy dla mnie kurs jaki do tej pory uko\u0144czy\u0142am. Zdoby\u0142am tam wiedz\u0119 dotycz\u0105c\u0105 diagnostyki klienta, g\u0142\u0119bokiej stabilizacji ca\u0142ego cia\u0142a, ta\u015bm anatomicznych, powi\u0119zi w treningu fizycznym, psychosomatycznych aspekt\u00f3w rozwoju funkcjonalnego oraz integracji i programowania treningu medycznego.<\/p>\n<\/div>\n<\/div>\n<\/div>\n<\/div>\n<\/div>\n<\/div>\n\n\n\n<div class=\"wp-block-columns is-layout-flex wp-container-core-columns-layout-3 wp-block-columns-is-layout-flex\">\n<div class=\"wp-block-column is-layout-flow wp-block-column-is-layout-flow\" style=\"flex-basis:50%\">\n<p>22-23\/04\/2023 IV Konwencja Mentor\u00f3w Ruchu MOVEMENTORS w Bodywork Pozna\u0144 <\/p>\n\n\n\n<p>Zakres doskonalenia obejmowa\u0142: prioprocepcj\u0119 i uk\u0142ad przedsionkowy w treningu, minimalizm jako \u017ar\u00f3d\u0142o si\u0142y \u2013 Metoda Feldenkraisa, powi\u0119\u017a extreme, sta\u0144 na r\u0119kach \u2013 mobilno\u015b\u0107, si\u0142a, r\u00f3wnowaga, pachwina w sportach biegowych.<\/p>\n<\/div>\n\n\n\n<div class=\"wp-block-column is-layout-flow wp-block-column-is-layout-flow\" style=\"flex-basis:50%\">\n<figure class=\"wp-block-image\"><img loading=\"lazy\" decoding=\"async\" width=\"1024\" height=\"730\" src=\"http:\/\/treningmedyczny.zgora.pl\/wp-content\/uploads\/2023\/12\/IMG_4816-1024x730.jpeg\" alt=\"\" class=\"wp-image-157\" srcset=\"https:\/\/treningmedyczny.zgora.pl\/wp-content\/uploads\/2023\/12\/IMG_4816-1024x730.jpeg 1024w, https:\/\/treningmedyczny.zgora.pl\/wp-content\/uploads\/2023\/12\/IMG_4816-300x214.jpeg 300w, https:\/\/treningmedyczny.zgora.pl\/wp-content\/uploads\/2023\/12\/IMG_4816-768x547.jpeg 768w, https:\/\/treningmedyczny.zgora.pl\/wp-content\/uploads\/2023\/12\/IMG_4816-1536x1094.jpeg 1536w, https:\/\/treningmedyczny.zgora.pl\/wp-content\/uploads\/2023\/12\/IMG_4816.jpeg 1916w\" sizes=\"(max-width: 1024px) 100vw, 1024px\" \/><\/figure>\n<\/div>\n<\/div>\n\n\n\n<div class=\"wp-block-columns has-medium-font-size is-layout-flex wp-container-core-columns-layout-4 wp-block-columns-is-layout-flex\">\n<div class=\"wp-block-column is-layout-flow wp-block-column-is-layout-flow\" style=\"flex-basis:50%\">\n<figure class=\"wp-block-image size-full\"><img loading=\"lazy\" decoding=\"async\" width=\"2031\" height=\"1458\" src=\"https:\/\/treningmedyczny.zgora.pl\/wp-content\/uploads\/2023\/12\/IMG_4817.jpeg\" alt=\"\" class=\"wp-image-158\" srcset=\"https:\/\/treningmedyczny.zgora.pl\/wp-content\/uploads\/2023\/12\/IMG_4817.jpeg 2031w, https:\/\/treningmedyczny.zgora.pl\/wp-content\/uploads\/2023\/12\/IMG_4817-300x215.jpeg 300w, https:\/\/treningmedyczny.zgora.pl\/wp-content\/uploads\/2023\/12\/IMG_4817-1024x735.jpeg 1024w, https:\/\/treningmedyczny.zgora.pl\/wp-content\/uploads\/2023\/12\/IMG_4817-768x551.jpeg 768w, https:\/\/treningmedyczny.zgora.pl\/wp-content\/uploads\/2023\/12\/IMG_4817-1536x1103.jpeg 1536w\" sizes=\"(max-width: 2031px) 100vw, 2031px\" \/><\/figure>\n<\/div>\n\n\n\n<div class=\"wp-block-column is-layout-flow wp-block-column-is-layout-flow\" style=\"flex-basis:50%\">\n<p>14-15\/05\/2022 Masterclass: Trening Funkcjonalny &#8211; certyfikat Bodywork Pozna\u0144<\/p>\n\n\n\n<p>Doskonali\u0142am si\u0119 w zakresie aktywacji mi\u0119\u015bni po\u015bladkowych, treningu w obr\u0119bie wisceralnej tkanki t\u0142uszczowej, pracy w obr\u0119bie barku oraz w technologii monitorowania treningu.<\/p>\n<\/div>\n<\/div>\n\n\n\n<div class=\"wp-block-columns is-layout-flex wp-container-core-columns-layout-5 wp-block-columns-is-layout-flex\">\n<div class=\"wp-block-column is-layout-flow wp-block-column-is-layout-flow\" style=\"flex-basis:50%\">\n<p>27-28\/11\/2021 Masterclass: Trening Medyczny &#8211; certyfikat Bodywork Pozna\u0144<\/p>\n\n\n\n<p>Doskonali\u0142am si\u0119 w treningu powi\u0119ziowym, mi\u0119\u015bni dna miednicy, odcinka szyjnego kr\u0119gos\u0142upa oraz zespo\u0142u jelita dra\u017cliwego w treningu personalnym.<\/p>\n<\/div>\n\n\n\n<div class=\"wp-block-column is-layout-flow wp-block-column-is-layout-flow\" style=\"flex-basis:50%\">\n<figure class=\"wp-block-image\"><img loading=\"lazy\" decoding=\"async\" width=\"1024\" height=\"737\" src=\"http:\/\/treningmedyczny.zgora.pl\/wp-content\/uploads\/2023\/12\/IMG_4818-1024x737.jpeg\" alt=\"\" class=\"wp-image-159\" srcset=\"https:\/\/treningmedyczny.zgora.pl\/wp-content\/uploads\/2023\/12\/IMG_4818-1024x737.jpeg 1024w, https:\/\/treningmedyczny.zgora.pl\/wp-content\/uploads\/2023\/12\/IMG_4818-300x216.jpeg 300w, https:\/\/treningmedyczny.zgora.pl\/wp-content\/uploads\/2023\/12\/IMG_4818-768x553.jpeg 768w, https:\/\/treningmedyczny.zgora.pl\/wp-content\/uploads\/2023\/12\/IMG_4818-1536x1106.jpeg 1536w, https:\/\/treningmedyczny.zgora.pl\/wp-content\/uploads\/2023\/12\/IMG_4818.jpeg 1916w\" sizes=\"(max-width: 1024px) 100vw, 1024px\" \/><\/figure>\n<\/div>\n<\/div>\n\n\n\n<div class=\"wp-block-columns is-layout-flex wp-container-core-columns-layout-6 wp-block-columns-is-layout-flex\">\n<div class=\"wp-block-column is-layout-flow wp-block-column-is-layout-flow\" style=\"flex-basis:50%\">\n<figure class=\"wp-block-image\"><img loading=\"lazy\" decoding=\"async\" width=\"1024\" height=\"682\" src=\"http:\/\/treningmedyczny.zgora.pl\/wp-content\/uploads\/2023\/12\/IMG_4815-1024x682.jpeg\" alt=\"\" class=\"wp-image-156\" srcset=\"https:\/\/treningmedyczny.zgora.pl\/wp-content\/uploads\/2023\/12\/IMG_4815-1024x682.jpeg 1024w, https:\/\/treningmedyczny.zgora.pl\/wp-content\/uploads\/2023\/12\/IMG_4815-300x200.jpeg 300w, https:\/\/treningmedyczny.zgora.pl\/wp-content\/uploads\/2023\/12\/IMG_4815-768x512.jpeg 768w, https:\/\/treningmedyczny.zgora.pl\/wp-content\/uploads\/2023\/12\/IMG_4815-1536x1024.jpeg 1536w, https:\/\/treningmedyczny.zgora.pl\/wp-content\/uploads\/2023\/12\/IMG_4815.jpeg 1784w\" sizes=\"(max-width: 1024px) 100vw, 1024px\" \/><\/figure>\n<\/div>\n\n\n\n<div class=\"wp-block-column is-layout-flow wp-block-column-is-layout-flow\" style=\"flex-basis:50%\">\n<p>10\/2021 Kurs Instruktora Nordic Walking \u2013 Nordic Walking Poland<\/p>\n<\/div>\n<\/div>\n\n\n\n<div class=\"wp-block-columns is-layout-flex wp-container-core-columns-layout-7 wp-block-columns-is-layout-flex\">\n<div class=\"wp-block-column is-layout-flow wp-block-column-is-layout-flow\" style=\"flex-basis:50%\">\n<p>W tak zwanym mi\u0119dzyczasie i nieustannie bior\u0119 udzia\u0142 w warsztatach jogi metod\u0105 Iyengara z Ani\u0105 Sikorsk\u0105 i Jurkiem Jaguckim \u2013 dotycz\u0105ce obszaru bark\u00f3w, bioder, zdrowego kr\u0119gos\u0142upa, \u015bwiadomo\u015bci cia\u0142a i oddechu.<\/p>\n\n\n\n<p>03\/2019 Joga Hormonalna \u2013 warsztaty w Studio Namaste Yoga Pozna\u0144<\/p>\n\n\n\n<p>03\/2019 Joga Twarzy \u2013 warsztaty w Studio Namaste Yoga Pozna\u0144<\/p>\n\n\n\n<p>09\/2018 Zdrowe Stopy \u2013 warsztaty w Szko\u0142a Pracy z Cia\u0142em<\/p>\n\n\n\n<p>09\/2018 Obud\u017a mi\u0119\u015bnie dna miednicy \u2013 warsztaty z Szko\u0142a Pracy z Cia\u0142em<\/p>\n<\/div>\n\n\n\n<div class=\"wp-block-column is-layout-flow wp-block-column-is-layout-flow\" style=\"flex-basis:50%\">\n<figure class=\"wp-block-image\"><img loading=\"lazy\" decoding=\"async\" width=\"768\" height=\"1024\" src=\"http:\/\/treningmedyczny.zgora.pl\/wp-content\/uploads\/2024\/02\/barki-768x1024.png\" alt=\"\" class=\"wp-image-180\" srcset=\"https:\/\/treningmedyczny.zgora.pl\/wp-content\/uploads\/2024\/02\/barki-768x1024.png 768w, https:\/\/treningmedyczny.zgora.pl\/wp-content\/uploads\/2024\/02\/barki-225x300.png 225w, https:\/\/treningmedyczny.zgora.pl\/wp-content\/uploads\/2024\/02\/barki-1152x1536.png 1152w, https:\/\/treningmedyczny.zgora.pl\/wp-content\/uploads\/2024\/02\/barki.png 1536w\" sizes=\"(max-width: 768px) 100vw, 768px\" \/><\/figure>\n<\/div>\n<\/div>\n\n\n\n<div class=\"wp-block-columns is-layout-flex wp-container-core-columns-layout-8 wp-block-columns-is-layout-flex\">\n<div class=\"wp-block-column is-layout-flow wp-block-column-is-layout-flow\" style=\"flex-basis:50%\">\n<figure class=\"wp-block-image\"><img loading=\"lazy\" decoding=\"async\" width=\"1024\" height=\"732\" src=\"http:\/\/treningmedyczny.zgora.pl\/wp-content\/uploads\/2023\/12\/IMG_4864-1024x732.jpeg\" alt=\"\" class=\"wp-image-166\" srcset=\"https:\/\/treningmedyczny.zgora.pl\/wp-content\/uploads\/2023\/12\/IMG_4864-1024x732.jpeg 1024w, https:\/\/treningmedyczny.zgora.pl\/wp-content\/uploads\/2023\/12\/IMG_4864-300x215.jpeg 300w, https:\/\/treningmedyczny.zgora.pl\/wp-content\/uploads\/2023\/12\/IMG_4864-768x549.jpeg 768w, https:\/\/treningmedyczny.zgora.pl\/wp-content\/uploads\/2023\/12\/IMG_4864-1536x1098.jpeg 1536w, https:\/\/treningmedyczny.zgora.pl\/wp-content\/uploads\/2023\/12\/IMG_4864.jpeg 1916w\" sizes=\"(max-width: 1024px) 100vw, 1024px\" \/><\/figure>\n<\/div>\n\n\n\n<div class=\"wp-block-column is-layout-flow wp-block-column-is-layout-flow\" style=\"flex-basis:50%\">\n<p>09\/09\/2017 Szkolenie Kinezygerontologiczne aspekty pracy trenera \u2013 certyfikat Efib Pozna\u0144<\/p>\n<\/div>\n<\/div>\n\n\n\n<div class=\"wp-block-columns is-layout-flex wp-container-core-columns-layout-9 wp-block-columns-is-layout-flex\">\n<div class=\"wp-block-column is-layout-flow wp-block-column-is-layout-flow\" style=\"flex-basis:50%\">\n<p>11\/06\/2017 Szkolenie Fitball &amp; Zdrowy kr\u0119gos\u0142up \u2013 certyfikat Efib Pozna\u0144<\/p>\n<\/div>\n\n\n\n<div class=\"wp-block-column is-layout-flow wp-block-column-is-layout-flow\" style=\"flex-basis:50%\">\n<figure class=\"wp-block-image\"><img loading=\"lazy\" decoding=\"async\" width=\"1024\" height=\"740\" src=\"http:\/\/treningmedyczny.zgora.pl\/wp-content\/uploads\/2023\/12\/IMG_4820-1024x740.jpeg\" alt=\"\" class=\"wp-image-161\" srcset=\"https:\/\/treningmedyczny.zgora.pl\/wp-content\/uploads\/2023\/12\/IMG_4820-1024x740.jpeg 1024w, https:\/\/treningmedyczny.zgora.pl\/wp-content\/uploads\/2023\/12\/IMG_4820-300x217.jpeg 300w, https:\/\/treningmedyczny.zgora.pl\/wp-content\/uploads\/2023\/12\/IMG_4820-768x555.jpeg 768w, https:\/\/treningmedyczny.zgora.pl\/wp-content\/uploads\/2023\/12\/IMG_4820-1536x1110.jpeg 1536w, https:\/\/treningmedyczny.zgora.pl\/wp-content\/uploads\/2023\/12\/IMG_4820.jpeg 1975w\" sizes=\"(max-width: 1024px) 100vw, 1024px\" \/><\/figure>\n<\/div>\n<\/div>\n\n\n\n<div class=\"wp-block-columns is-layout-flex wp-container-core-columns-layout-10 wp-block-columns-is-layout-flex\">\n<div class=\"wp-block-column is-layout-flow wp-block-column-is-layout-flow\" style=\"flex-basis:50%\">\n<figure class=\"wp-block-image\"><img loading=\"lazy\" decoding=\"async\" width=\"1024\" height=\"728\" src=\"http:\/\/treningmedyczny.zgora.pl\/wp-content\/uploads\/2023\/12\/IMG_4822-1024x728.jpeg\" alt=\"\" class=\"wp-image-163\" srcset=\"https:\/\/treningmedyczny.zgora.pl\/wp-content\/uploads\/2023\/12\/IMG_4822-1024x728.jpeg 1024w, https:\/\/treningmedyczny.zgora.pl\/wp-content\/uploads\/2023\/12\/IMG_4822-300x213.jpeg 300w, https:\/\/treningmedyczny.zgora.pl\/wp-content\/uploads\/2023\/12\/IMG_4822-768x546.jpeg 768w, https:\/\/treningmedyczny.zgora.pl\/wp-content\/uploads\/2023\/12\/IMG_4822-1536x1092.jpeg 1536w, https:\/\/treningmedyczny.zgora.pl\/wp-content\/uploads\/2023\/12\/IMG_4822.jpeg 1956w\" sizes=\"(max-width: 1024px) 100vw, 1024px\" \/><\/figure>\n<\/div>\n\n\n\n<div class=\"wp-block-column is-layout-flow wp-block-column-is-layout-flow\" style=\"flex-basis:50%\">\n<p>01\/04\/2017 Szkolenie Podstawy dietetyki sportowej &#8211; certyfikat Premium Sport Academy<\/p>\n<\/div>\n<\/div>\n\n\n\n<div class=\"wp-block-columns is-layout-flex wp-container-core-columns-layout-11 wp-block-columns-is-layout-flex\">\n<div class=\"wp-block-column is-layout-flow wp-block-column-is-layout-flow\" style=\"flex-basis:50%\">\n<p>02\/04\/2017 Szkolenie Teoria treningu na si\u0142owni \u2013 certyfikat Premium Sport Academy<\/p>\n<\/div>\n\n\n\n<div class=\"wp-block-column is-layout-flow wp-block-column-is-layout-flow\" style=\"flex-basis:50%\">\n<figure class=\"wp-block-image\"><img loading=\"lazy\" decoding=\"async\" width=\"1024\" height=\"735\" src=\"http:\/\/treningmedyczny.zgora.pl\/wp-content\/uploads\/2023\/12\/IMG_4821-1024x735.jpeg\" alt=\"\" class=\"wp-image-162\" srcset=\"https:\/\/treningmedyczny.zgora.pl\/wp-content\/uploads\/2023\/12\/IMG_4821-1024x735.jpeg 1024w, https:\/\/treningmedyczny.zgora.pl\/wp-content\/uploads\/2023\/12\/IMG_4821-300x215.jpeg 300w, https:\/\/treningmedyczny.zgora.pl\/wp-content\/uploads\/2023\/12\/IMG_4821-768x551.jpeg 768w, https:\/\/treningmedyczny.zgora.pl\/wp-content\/uploads\/2023\/12\/IMG_4821-1536x1102.jpeg 1536w, https:\/\/treningmedyczny.zgora.pl\/wp-content\/uploads\/2023\/12\/IMG_4821.jpeg 1886w\" sizes=\"(max-width: 1024px) 100vw, 1024px\" \/><\/figure>\n<\/div>\n<\/div>\n\n\n\n<div class=\"wp-block-columns is-layout-flex wp-container-core-columns-layout-12 wp-block-columns-is-layout-flex\">\n<div class=\"wp-block-column is-layout-flow wp-block-column-is-layout-flow\" style=\"flex-basis:50%\">\n<figure class=\"wp-block-image is-resized\"><img loading=\"lazy\" decoding=\"async\" width=\"730\" height=\"1024\" src=\"http:\/\/treningmedyczny.zgora.pl\/wp-content\/uploads\/2023\/12\/IMG_4823-730x1024.jpeg\" alt=\"\" class=\"wp-image-167\" style=\"width:297px;height:auto\" srcset=\"https:\/\/treningmedyczny.zgora.pl\/wp-content\/uploads\/2023\/12\/IMG_4823-730x1024.jpeg 730w, https:\/\/treningmedyczny.zgora.pl\/wp-content\/uploads\/2023\/12\/IMG_4823-214x300.jpeg 214w, https:\/\/treningmedyczny.zgora.pl\/wp-content\/uploads\/2023\/12\/IMG_4823-768x1078.jpeg 768w, https:\/\/treningmedyczny.zgora.pl\/wp-content\/uploads\/2023\/12\/IMG_4823-1094x1536.jpeg 1094w, https:\/\/treningmedyczny.zgora.pl\/wp-content\/uploads\/2023\/12\/IMG_4823.jpeg 1430w\" sizes=\"(max-width: 730px) 100vw, 730px\" \/><\/figure>\n<\/div>\n\n\n\n<div class=\"wp-block-column is-layout-flow wp-block-column-is-layout-flow\" style=\"flex-basis:50%\">\n<p>03-05\/2015 Kurs Trener Personalny \u2013 certyfikat AWF Pozna\u0144 i Klub sportowy CityZen<\/p>\n<\/div>\n<\/div>\n\n\n\n<div class=\"wp-block-columns is-layout-flex wp-container-core-columns-layout-13 wp-block-columns-is-layout-flex\">\n<div class=\"wp-block-column is-layout-flow wp-block-column-is-layout-flow\" style=\"flex-basis:50%\">\n<p>21\/07\/2014 Uzyska\u0142am dyplom Akademii Wychowania Fizycznego w Poznaniu, kierunek Wychowanie Fizyczne, specjalno\u015b\u0107 Fitness, studia licencjackie<\/p>\n<\/div>\n\n\n\n<div class=\"wp-block-column is-layout-flow wp-block-column-is-layout-flow\" style=\"flex-basis:50%\">\n<figure class=\"wp-block-image\"><img loading=\"lazy\" decoding=\"async\" width=\"1024\" height=\"784\" src=\"http:\/\/treningmedyczny.zgora.pl\/wp-content\/uploads\/2023\/12\/IMG_4824-1024x784.jpeg\" alt=\"\" class=\"wp-image-164\" srcset=\"https:\/\/treningmedyczny.zgora.pl\/wp-content\/uploads\/2023\/12\/IMG_4824-1024x784.jpeg 1024w, https:\/\/treningmedyczny.zgora.pl\/wp-content\/uploads\/2023\/12\/IMG_4824-300x230.jpeg 300w, https:\/\/treningmedyczny.zgora.pl\/wp-content\/uploads\/2023\/12\/IMG_4824-768x588.jpeg 768w, https:\/\/treningmedyczny.zgora.pl\/wp-content\/uploads\/2023\/12\/IMG_4824-1536x1176.jpeg 1536w, https:\/\/treningmedyczny.zgora.pl\/wp-content\/uploads\/2023\/12\/IMG_4824.jpeg 1681w\" sizes=\"(max-width: 1024px) 100vw, 1024px\" \/><\/figure>\n<\/div>\n<\/div>\n\n\n\n<div class=\"wp-block-columns is-layout-flex wp-container-core-columns-layout-14 wp-block-columns-is-layout-flex\">\n<div class=\"wp-block-column is-layout-flow wp-block-column-is-layout-flow\" style=\"flex-basis:50%\">\n<figure class=\"wp-block-image\"><img loading=\"lazy\" decoding=\"async\" width=\"1024\" height=\"811\" src=\"http:\/\/treningmedyczny.zgora.pl\/wp-content\/uploads\/2023\/12\/IMG_4825-1024x811.jpeg\" alt=\"\" class=\"wp-image-165\" srcset=\"https:\/\/treningmedyczny.zgora.pl\/wp-content\/uploads\/2023\/12\/IMG_4825-1024x811.jpeg 1024w, https:\/\/treningmedyczny.zgora.pl\/wp-content\/uploads\/2023\/12\/IMG_4825-300x238.jpeg 300w, https:\/\/treningmedyczny.zgora.pl\/wp-content\/uploads\/2023\/12\/IMG_4825-768x608.jpeg 768w, https:\/\/treningmedyczny.zgora.pl\/wp-content\/uploads\/2023\/12\/IMG_4825-1536x1217.jpeg 1536w, https:\/\/treningmedyczny.zgora.pl\/wp-content\/uploads\/2023\/12\/IMG_4825.jpeg 1690w\" sizes=\"(max-width: 1024px) 100vw, 1024px\" \/><\/figure>\n<\/div>\n\n\n\n<div class=\"wp-block-column is-layout-flow wp-block-column-is-layout-flow\" style=\"flex-basis:50%\">\n<p>21\/07\/2014 Uzyska\u0142am stopie\u0144 Instruktora Sportu &#8211; Fitness<\/p>\n<\/div>\n<\/div>\n","protected":false},"excerpt":{"rendered":"<p>1\/2019 \u2013 08\/2020 Kurs Trenera Medycznego w Centrum Ruchu i Terapii Bodywork Pozna\u0144 Jest to najwa\u017cniejszy dla mnie kurs jaki do tej pory uko\u0144czy\u0142am. Zdoby\u0142am tam wiedz\u0119 dotycz\u0105c\u0105 diagnostyki klienta, g\u0142\u0119bokiej stabilizacji ca\u0142ego cia\u0142a, ta\u015bm anatomicznych, powi\u0119zi w treningu fizycznym, psychosomatycznych aspekt\u00f3w rozwoju funkcjonalnego oraz integracji i programowania treningu medycznego. 22-23\/04\/2023 IV Konwencja Mentor\u00f3w Ruchu [&hellip;]<\/p>\n","protected":false},"author":1,"featured_media":0,"parent":0,"menu_order":0,"comment_status":"closed","ping_status":"closed","template":"","meta":{"sfsi_plus_gutenberg_text_before_share":"","sfsi_plus_gutenberg_show_text_before_share":"","sfsi_plus_gutenberg_icon_type":"","sfsi_plus_gutenberg_icon_alignemt":"","sfsi_plus_gutenburg_max_per_row":"","footnotes":""},"_links":{"self":[{"href":"https:\/\/treningmedyczny.zgora.pl\/index.php\/wp-json\/wp\/v2\/pages\/155"}],"collection":[{"href":"https:\/\/treningmedyczny.zgora.pl\/index.php\/wp-json\/wp\/v2\/pages"}],"about":[{"href":"https:\/\/treningmedyczny.zgora.pl\/index.php\/wp-json\/wp\/v2\/types\/page"}],"author":[{"embeddable":true,"href":"https:\/\/treningmedyczny.zgora.pl\/index.php\/wp-json\/wp\/v2\/users\/1"}],"replies":[{"embeddable":true,"href":"https:\/\/treningmedyczny.zgora.pl\/index.php\/wp-json\/wp\/v2\/comments?post=155"}],"version-history":[{"count":6,"href":"https:\/\/treningmedyczny.zgora.pl\/index.php\/wp-json\/wp\/v2\/pages\/155\/revisions"}],"predecessor-version":[{"id":183,"href":"https:\/\/treningmedyczny.zgora.pl\/index.php\/wp-json\/wp\/v2\/pages\/155\/revisions\/183"}],"wp:attachment":[{"href":"https:\/\/treningmedyczny.zgora.pl\/index.php\/wp-json\/wp\/v2\/media?parent=155"}],"curies":[{"name":"wp","href":"https:\/\/api.w.org\/{rel}","templated":true}]}}